{"id":884,"date":"2024-06-21T21:46:02","date_gmt":"2024-06-21T21:46:02","guid":{"rendered":"https:\/\/supergaia.ee\/?page_id=884"},"modified":"2024-06-21T22:00:52","modified_gmt":"2024-06-21T22:00:52","slug":"tingimused","status":"publish","type":"page","link":"https:\/\/supergaia.ee\/en\/tingimused\/","title":{"rendered":"M\u00fc\u00fcgitingimused"},"content":{"rendered":"<div class=\"wpb-content-wrapper\"><div      class=\"vc_row wpb_row section vc_row-fluid\" style='background-color:#ffffff; text-align:left;'><div class=\"full_section_inner clearfix\"><div class=\"wpb_column vc_column_container vc_col-sm-12\"><div class=\"vc_column-inner\"><div class=\"wpb_wrapper\">\t<div class=\"vc_empty_space\"  style=\"height: 32px\" ><span\n\t\t\tclass=\"vc_empty_space_inner\">\n\t\t\t<span class=\"empty_space_image\"  ><\/span>\n\t\t<\/span><\/div>\n\n\n\t<div class=\"wpb_text_column wpb_content_element\">\n\t\t<div class=\"wpb_wrapper\">\n\t\t\t<p><span style=\"font-family: verdana, geneva, sans-serif; color: #6899ba;\"><strong>Ostuinfo:<\/strong><\/span><\/p>\n<p><span style=\"font-family: verdana, geneva, sans-serif;\">Ostu sooritamine on lihtne: vali Sulle meeldivad tooted, lisa need ostukorvi ning kliki Mine maksma. Seej\u00e4rel sisesta oma nimi, telefon ja e-posti aadress ning lisa kuidas soovid paki k\u00e4tte saada ja kuidas soovid tasuda.<\/span><\/p>\n<ul>\n<li><span style=\"font-family: verdana, geneva, sans-serif;\">Postitus on tasuta \u00fcle Eesti, kui ostusumma \u00fcletab 49.- \u20ac<\/span><\/li>\n<li><span style=\"font-family: verdana, geneva, sans-serif;\">Kohaletoimetamise viisiks saab valida kas SmartPOST v\u00f5i Omniva pakiautomaadi teenuse, mis lisab ostusummale 1.99 \u20ac. Kui on soovi pakk tellida otse koju v\u00f5i kontorisse, saab valida ka DPD kulleriteenuse, mis lisab ostule 4.90 \u20ac.<\/span><\/li>\n<li><span style=\"font-family: verdana, geneva, sans-serif;\">Makseviisidest on e-poes v\u00f5imalik tasuda krediitkaardiga, \u00a0Swedbank, SEB, Luminor, PocoPay, LHV, Coop Pank pangalinkidega. Lisaks on v\u00f5imalik tasuda j\u00e4rgmiste Soome pangalinkidega: Danske Bank, Handelsbanken, Nordea, Alandsbanken, S\u00e4\u00e4st\u00f6pankki, POPPankki, Revolut, Osuuspankki ja Oma S\u00e4\u00e4st\u00f6pankki.\u00a0<\/span><\/li>\n<li><span style=\"font-family: verdana, geneva, sans-serif;\">Hoolime oma klientidest ja teeme endast k\u00f5ik oleneva, et Sinu ostukogemus oleks igati nauditav. Kui sellele vaatamata, peaks Sul tekkima soov kaup tagastada, siis seda saab teha 14 p\u00e4eva jooksul alates paki k\u00e4ttesaamisest. Selleks tuleb Sul saata e-kiri e-posti aadressile <a href=\"mailto:ehteari@ehteari.ee\">info@supergaia.ee<\/a>. \u00a0Saadame t\u00e4psemad juhised ning kauba maksumus tagastatakse tellija pangaarvele. <\/span><\/li>\n<li><span style=\"font-family: verdana, geneva, sans-serif;\">Koolituste ja meditatsioonide osas ei ole tellimusest v\u00f5imalik hiljem loobuda. Nende tellimisel saad kasutada proovipaketti ehk enne <strong>tasuta proovida,<\/strong> kas see sulle sobib.<\/span><\/li>\n<\/ul>\n<p><span style=\"font-family: verdana, geneva, sans-serif;\">Allpool on v\u00e4lja toodud detailsed ostutingimused.<\/span><\/p>\n<p><span style=\"font-family: verdana, geneva, sans-serif; color: #6899ba;\"><strong>Ostutingimused<\/strong><\/span><\/p>\n<p><span style=\"font-family: verdana, geneva, sans-serif;\"><em>(Kehtivad alates 22.06.2024.)<\/em><\/span><\/p>\n<p><span style=\"font-family: verdana, geneva, sans-serif; color: #6899ba;\"><strong>1. \u00dcldtingimused<\/strong><\/span><\/p>\n<p><span style=\"font-family: verdana, geneva, sans-serif;\">1.1. K\u00e4esolevad ostutingimused kehtivad ostu-m\u00fc\u00fcgilepingutele (edaspidi Leping), mis s\u00f5lmitakse lille.ee e-poes veebiaadressil lille.ee (edaspidi E-pood) kaupa telliva kliendi (edaspidi Klient) ja e-poodi haldava ettev\u00f5tte SuperFlow O\u00dc (edaspidi M\u00fc\u00fcja) vahel.<\/span><\/p>\n<p><span style=\"font-family: verdana, geneva, sans-serif;\">1.2. Lisaks k\u00e4esolevatele tingimustele reguleerivad toodete ostmisel tekkivaid \u00f5igussuhteid Eesti Vabariigis kehtivad \u00f5igusaktid.<\/span><\/p>\n<p><span style=\"font-family: verdana, geneva, sans-serif;\">1.3. M\u00fc\u00fcjal on \u00f5igus k\u00e4esolevaid tingimusi \u00fchepoolselt ilma etteteatamiseta muuta. Muudetud tingimused j\u00f5ustuvad M\u00fc\u00fcja veebilehel <a href=\"https:\/\/supergaia.ee\/en\/\">supergaia.ee<\/a> \u00a0avaldamise hetkest ja kehtivad \u00fcksnes tellimuste suhtes, mis on esitatud p\u00e4rast tingimuste muutmist.<\/span><\/p>\n<p><span style=\"font-family: verdana, geneva, sans-serif;\">1.4. M\u00fc\u00fcja e-poes ostu vormistades ning panga\u00fclekannet v\u00f5i ettemaksu sooritades kinnitab Klient, et ta on tutvunud k\u00e4esolevate ostutingimustega ja on nendega n\u00f5us.<\/span><\/p>\n<p><span style=\"font-family: verdana, geneva, sans-serif; color: #6899ba;\"><strong>2. Hinnad<\/strong><\/span><\/p>\n<p><span style=\"font-family: verdana, geneva, sans-serif;\">2.1. E-poes on k\u00f5ikide toodete hinnad kuvatud eurodes.<\/span><\/p>\n<p><span style=\"font-family: verdana, geneva, sans-serif;\">2.2. Toodete hinnad ei sisalda postikulu.<\/span><\/p>\n<p><span style=\"font-family: verdana, geneva, sans-serif;\">2.3. E-poes m\u00fc\u00fcdavate toodete hinnad (koos k\u00e4ibemaksuga) on m\u00e4rgitud tootelehtedel. Kampaaniate soodushindade puhul on tootelehel \u00e4ra toodud nii uus hind kui ka mahakriipsutatult vana hind.<\/span><\/p>\n<p><span style=\"font-family: verdana, geneva, sans-serif;\">2.4. M\u00fc\u00fcja j\u00e4tab endale \u00f5iguse korrigeerida hindu ilma ette teatamata. Kui Klient vormistas oma tellimuse enne uute hindade j\u00f5ustumist, siis tema jaoks kehtivad hinnad, mis on kajastatud tema arvel.<\/span><\/p>\n<p><span style=\"font-family: verdana, geneva, sans-serif; color: #6899ba;\"><strong>3. Postikulu ja kohaletoimetamine<\/strong><\/span><\/p>\n<p><span style=\"font-family: verdana, geneva, sans-serif;\">3.1. Kohaletoimetamine e-poes on tasuta, kui ostusumma \u00fcletab\u00a0 49.- \u00a0\u20ac<\/span><\/p>\n<p><span style=\"font-family: verdana, geneva, sans-serif;\">3.2. Kui ostusumma j\u00e4\u00e4b alla 35.- \u00a0\u20ac, \u00a0saab valida j\u00e4rgmiste \u00a0koheletoimetamise viiside vahel, millele kehtivad j\u00e4rgmised\u00a0 postikulud:<\/span><\/p>\n<p><span style=\"font-family: verdana, geneva, sans-serif;\">*\u00a0<strong>Omniva pakiautomaat<\/strong> \u2013 1.99 \u20ac<\/span><br \/>\n<span style=\"font-family: verdana, geneva, sans-serif;\">Pakiautomaatide asukohad leiate\u00a0<a href=\"https:\/\/www.post24.ee\/asukohad\">siit<\/a>.<\/span><\/p>\n<p><span style=\"font-family: verdana, geneva, sans-serif;\">*\u00a0<strong>SmartPOST pakiautomaat<\/strong>\u00a0\u2013 1.99 \u20ac<\/span><br \/>\n<span style=\"font-family: verdana, geneva, sans-serif;\">Pakiautomaatide asukohad leiate\u00a0<a href=\"http:\/\/uus.smartpost.ee\/pakiautomaatide-asukohad\">siit<\/a>.<\/span><\/p>\n<p><span style=\"font-family: verdana, geneva, sans-serif;\">*\u00a0<strong>DPD kuller\u00a0<\/strong>\u2013 4.90 \u20ac<\/span><\/p>\n<p><span style=\"font-family: verdana, geneva, sans-serif;\">3.3. Valides kohaletoimetamise viisiks Omniva v\u00f5i SmartPOST pakiautomaadi, saadetakse kaup v\u00e4lja esimesel v\u00f5imalusel, kuid mitte hiljem kui 2 t\u00f6\u00f6p\u00e4eva jooksul peale raha laekumist M\u00fc\u00fcja pangaarvele.<\/span><\/p>\n<p><span style=\"font-family: verdana, geneva, sans-serif;\">3.4. Valides kohaletoimetamise viisiks \u201eDPD kuller\u201c, j\u00f5uab pakk kohale kliendi poolt m\u00e4\u00e4ratud aadressil, kas j\u00e4rgmisel v\u00f5i \u00fclej\u00e4rgmisel t\u00f6\u00f6p\u00e4eval p\u00e4rast tellimuse sooritamist.<\/span><\/p>\n<p><span style=\"font-family: verdana, geneva, sans-serif;\">3.5. Kauba kohaletoimetamise kulud (s.h. tasuta kohale toimetamine) kehtivad tellimustele Eesti Vabariigi piires. Kui Klient soovib kaupa tellida v\u00e4ljapoole Eestit, tuleb transpordi maksumuse osas M\u00fc\u00fcjaga eraldi kokku leppida.<\/span><\/p>\n<p><span style=\"font-family: verdana, geneva, sans-serif; color: #6899ba;\"><strong>4. Makseviisid<\/strong><\/span><\/p>\n<p><span style=\"font-family: verdana, geneva, sans-serif;\">4.1. Tellimuse vormistamisel saab Klient valida omale sobiva pangalingi: <strong>Swedbank<\/strong>,\u00a0<strong>SEB<\/strong>, <strong>Luminor<\/strong>, <strong>LHV<\/strong><strong>\u00a0ja<\/strong>\u00a0<strong>Coop pank. Valida on v\u00f5imalik ka Soome pangalingi: <\/strong>Danske Bank, Handelsbanken, Nordea, Alandsbanken, S\u00e4\u00e4st\u00f6pankki, POPPankki, Revolut, Osuuspankki ja Oma S\u00e4\u00e4st\u00f6pankki.\u00a0Tasuda saab ka krediitkaardiga.<\/span><\/p>\n<p><span style=\"font-family: verdana, geneva, sans-serif;\">4.2. Valides makseviisiks\u00a0<strong>\u201cEttemaksuarve\u201d<\/strong>, saadetakse peale ostu vormistamist Kliendi e-posti aadressile tellimuse kinnitus ja ettemaksuarve, mille alusel kuulub tasumisele 100% toodete summast. Ettemaksuarve summa tuleb tasuda panga\u00fclekandega SuperFlow O\u00dc arvelduskontole EE71 7700 77100 861 9955 <strong>3 t\u00f6\u00f6p\u00e4eva jooksul<\/strong>. Arve tasumisel tuleb selgitusse m\u00e4rkida ettemaksuarve number ja kliendi nimi, juhul kui see erineb maksja nimest. Juhul kui ettemaksuarve ei ole tasutud 3 t\u00f6\u00f6p\u00e4eva jooksul, tellimus t\u00fchistatakse.<\/span><\/p>\n<p><span style=\"font-family: verdana, geneva, sans-serif;\">4.3 SuperFlow O\u00dc on isikuandmete vastutav t\u00f6\u00f6tleja, SuperFlow O\u00dc edastab maksete teostamiseks vajalikud isikuandmed volitatud t\u00f6\u00f6tleja Maksekeskus AS-ile.<\/span><\/p>\n<p><span style=\"font-family: verdana, geneva, sans-serif;\">4.4 Makseid vahendab Maksekeskus AS.<\/span><\/p>\n<p><span style=\"font-family: verdana, geneva, sans-serif; color: #6899ba;\"><strong>5. Kauba tagastamine<\/strong><\/span><\/p>\n<p><span style=\"font-family: verdana, geneva, sans-serif;\">5.1. Kliendil on \u00f5igus kaup tagastada 14 p\u00e4eva jooksul alates paki k\u00e4ttesaamisest.<\/span><\/p>\n<p><span style=\"font-family: verdana, geneva, sans-serif;\">5.2. Kauba tagastamiseks peab Klient saatma M\u00fc\u00fcjale tagastamissoovi kohta info M\u00fc\u00fcja e-posti aadressile <a href=\"mailto:ehteari@ehteari.ee\">info@lille.ee<\/a>.<\/span><\/p>\n<p><span style=\"font-family: verdana, geneva, sans-serif;\">5.3. Klient peab kauba tagastama M\u00fc\u00fcjale esimesel v\u00f5imalusel, kuid mitte hiljem kui 14 \u00a0p\u00e4eva jooksul alates tagastamissoovi saatmisest.<\/span><\/p>\n<p><span style=\"font-family: verdana, geneva, sans-serif;\">5.4. Tagastatav kaup peab olema originaalpakendis ja ei tohi olla kasutatud.<\/span><\/p>\n<p><span style=\"font-family: verdana, geneva, sans-serif;\">5.5. M\u00fc\u00fcja kannab tagastatud kauba maksumuse ja kauba k\u00e4ttetoimetamiseks kulunud postikulu tagasi samale arveldusarvele, millelt Klient algselt kauba eest tasus.<\/span><\/p>\n<p><span style=\"font-family: verdana, geneva, sans-serif;\">5.6. M\u00fc\u00fcja tagastab raha esimesel v\u00f5imalusel peale kauba tagasi j\u00f5udmist M\u00fc\u00fcjale, kuid mitte hiljem kui 14 p\u00e4eva jooksul alates tagastamissoovi k\u00e4tte saamisest.<\/span><\/p>\n<p><span style=\"font-family: verdana, geneva, sans-serif;\">5.7. Kauba tagastamine on kliendile tasuta, tagastamisega seotud postikulu tasub M\u00fc\u00fcja.<\/span><\/p>\n<p><span style=\"font-family: verdana, geneva, sans-serif; color: #6899ba;\"><strong>6. Toodete saadavus<\/strong><\/span><\/p>\n<p><span style=\"font-family: verdana, geneva, sans-serif;\">6.1. M\u00fc\u00fcja teeb k\u00f5ik v\u00f5imaliku, et e-poes m\u00e4rgitud laoseisud vastaksid tegelikkusele, kuid v\u00f5ib tekkida olukord, kus tootelehel m\u00e4rgitud laoseis ei ole \u00f5ige. Kui juhtub, et oled \u00a0tellinud Toote, mis\u00a0 on tegelikult otsa saanud, siis \u00a0v\u00f5tame Sinuga esimesel v\u00f5imalusel \u00fchendust ning saad valida endale k\u00f5ige sobivama variandi:<\/span><\/p>\n<p><span style=\"font-family: verdana, geneva, sans-serif;\">*kanname Sulle j\u00e4rgmisel t\u00f6\u00f6p\u00e4eval raha tagasi;<\/span><br \/>\n<span style=\"font-family: verdana, geneva, sans-serif;\">*asendame Toote samas v\u00e4\u00e4rtuses Too(de)te vastu;<\/span><br \/>\n<span style=\"font-family: verdana, geneva, sans-serif;\">*tellime v\u00f5imalusel Toote laost, kuid sellisel juhul pikeneb kohaletoimetamise aeg.<\/span><\/p>\n<p><span style=\"font-family: verdana, geneva, sans-serif; color: #6899ba;\"><strong>7. Isikuandmed ja nende kasutamine<\/strong><\/span><\/p>\n<p><span style=\"font-family: verdana, geneva, sans-serif;\">7.1. Kliendi poolt ostu sooritamisel v\u00f5i konto loomisel esitatud isikuandmed kantakse M\u00fc\u00fcja kliendiregistrisse ning kasutatakse m\u00fc\u00fcgiteenuse osutamiseks.<\/span><\/p>\n<p><span style=\"font-family: verdana, geneva, sans-serif;\">7.2. Andmeid k\u00e4sitletakse konfidentsiaalselt ning ei avaldata kolmandatele osapooltele, v.a. juhul kui Kliendi poolt valitud kohaletoimetamise viis seda eeldab ning seadusega etten\u00e4htud juhtudel.<\/span><\/p>\n<p><span style=\"font-family: verdana, geneva, sans-serif;\">7.3. M\u00fc\u00fcja j\u00e4tab endale \u00f5iguse saata Kliendile infot uute toodete ja sooduspakkumiste kohta, kuid Kliendil on igal ajal \u00f5igus paluda oma andmete kustutamist M\u00fc\u00fcja andmebaasist.<\/span><\/p>\n<p><span style=\"font-family: verdana, geneva, sans-serif; color: #6899ba;\"><strong>8. Muud tingimused<\/strong><\/span><\/p>\n<p><span style=\"font-family: verdana, geneva, sans-serif;\">8.1. K\u00e4esolevates tingimustes reguleerimata k\u00fcsimustes l\u00e4htutakse Eesti Vabariigis kehtivast seadusandlusest ning pooltevahelisi suhteid reguleerivatest teistest aktidest.<\/span><\/p>\n<p><span style=\"font-family: verdana, geneva, sans-serif;\">8.2. K\u00e4esolevate tingimuste t\u00e4itmisest tulenevaid eriarvamusi ja vaidlusi lahendavad pooled eelk\u00f5ige l\u00e4bir\u00e4\u00e4kimiste teel. Kui vaidlusi ei \u00f5nnestu lahendada poolte l\u00e4bir\u00e4\u00e4kimistega, on nii Kliendil kui M\u00fc\u00fcjal \u00f5igus p\u00f6\u00f6rduda oma \u00f5iguste kaitseks Tarbijakaitseametisse v\u00f5i kohtusse.<\/span><\/p>\n<p><span style=\"font-family: verdana, geneva, sans-serif;\">K\u00fcsimuste korral palun helistage telefonil 555 17 555 v\u00f5i saatke e-kiri e-posti aadressile <a href=\"mailto:info@supergaia.ee\">info@supergaia.ee<\/a>.<\/span><\/p>\n\n\t\t<\/div> \n\t<\/div> <\/div><\/div><\/div><\/div><\/div><div      class=\"vc_row wpb_row section vc_row-fluid\" style=' text-align:left;'><div class=\"full_section_inner clearfix\"><div class=\"wpb_column vc_column_container vc_col-sm-12\"><div class=\"vc_column-inner\"><div class=\"wpb_wrapper\">\t<div class=\"vc_empty_space\"  style=\"height: 32px\" ><span\n\t\t\tclass=\"vc_empty_space_inner\">\n\t\t\t<span class=\"empty_space_image\"  ><\/span>\n\t\t<\/span><\/div>\n\n<br \/>\n<b>Warning<\/b>:  Attempt to read property \"post_title\" on null in <b>\/data01\/virt129620\/domeenid\/www.supergaia.ee\/htdocs\/wp-content\/plugins\/js_composer\/include\/helpers\/helpers.php<\/b> on line <b>60<\/b><br \/>\n\n\t<div class=\"wpb_single_image wpb_content_element vc_align_left\">\n\t\t<div class=\"wpb_wrapper\">\n\t\t\t\n\t\t\t<div class=\"vc_single_image-wrapper   vc_box_border_grey\"><\/div>\n\t\t<\/div>\n\t<\/div>\n<\/div><\/div><\/div><\/div><\/div>\n<\/div>","protected":false},"excerpt":{"rendered":"Ostuinfo: Ostu sooritamine on lihtne: vali Sulle meeldivad tooted, lisa need ostukorvi ning kliki Mine maksma. Seej\u00e4rel sisesta oma nimi, telefon ja e-posti aadress ning lisa kuidas soovid paki k\u00e4tte saada ja kuidas soovid tasuda. Postitus on tasuta \u00fcle Eesti, kui ostusumma \u00fcletab 49.- \u20ac...","protected":false},"author":1,"featured_media":0,"parent":0,"menu_order":0,"comment_status":"closed","ping_status":"closed","template":"","meta":{"footnotes":""},"class_list":["post-884","page","type-page","status-publish","hentry"],"_links":{"self":[{"href":"https:\/\/supergaia.ee\/en\/wp-json\/wp\/v2\/pages\/884","targetHints":{"allow":["GET"]}}],"collection":[{"href":"https:\/\/supergaia.ee\/en\/wp-json\/wp\/v2\/pages"}],"about":[{"href":"https:\/\/supergaia.ee\/en\/wp-json\/wp\/v2\/types\/page"}],"author":[{"embeddable":true,"href":"https:\/\/supergaia.ee\/en\/wp-json\/wp\/v2\/users\/1"}],"replies":[{"embeddable":true,"href":"https:\/\/supergaia.ee\/en\/wp-json\/wp\/v2\/comments?post=884"}],"version-history":[{"count":3,"href":"https:\/\/supergaia.ee\/en\/wp-json\/wp\/v2\/pages\/884\/revisions"}],"predecessor-version":[{"id":891,"href":"https:\/\/supergaia.ee\/en\/wp-json\/wp\/v2\/pages\/884\/revisions\/891"}],"wp:attachment":[{"href":"https:\/\/supergaia.ee\/en\/wp-json\/wp\/v2\/media?parent=884"}],"curies":[{"name":"wp","href":"https:\/\/api.w.org\/{rel}","templated":true}]}}