{"id":869,"date":"2024-06-21T09:11:24","date_gmt":"2024-06-21T09:11:24","guid":{"rendered":"https:\/\/supergaia.ee\/?page_id=869"},"modified":"2024-06-21T21:55:41","modified_gmt":"2024-06-21T21:55:41","slug":"privaatsus","status":"publish","type":"page","link":"https:\/\/supergaia.ee\/en\/privaatsus\/","title":{"rendered":"Privaatsus"},"content":{"rendered":"<div class=\"wpb-content-wrapper\"><div      class=\"vc_row wpb_row section vc_row-fluid\" style=' text-align:left;'><div class=\"full_section_inner clearfix\"><div class=\"wpb_column vc_column_container vc_col-sm-12\"><div class=\"vc_column-inner\"><div class=\"wpb_wrapper\">\t<div class=\"vc_empty_space\"  style=\"height: 32px\" ><span\n\t\t\tclass=\"vc_empty_space_inner\">\n\t\t\t<span class=\"empty_space_image\"  ><\/span>\n\t\t<\/span><\/div>\n\n\t<div class=\"vc_empty_space\"  style=\"height: 32px\" ><span\n\t\t\tclass=\"vc_empty_space_inner\">\n\t\t\t<span class=\"empty_space_image\"  ><\/span>\n\t\t<\/span><\/div>\n\n<\/div><\/div><\/div><\/div><\/div><div      class=\"vc_row wpb_row section vc_row-fluid\" style=' text-align:left;'><div class=\"full_section_inner clearfix\"><div class=\"wpb_column vc_column_container vc_col-sm-12\"><div class=\"vc_column-inner\"><div class=\"wpb_wrapper\">\n\t<div class=\"wpb_text_column wpb_content_element\">\n\t\t<div class=\"wpb_wrapper\">\n\t\t\t<p><span style=\"font-family: impact, sans-serif;\"><\/span><\/p>\n<h2 class=\"wp-block-heading\"><span style=\"font-family: verdana, geneva, sans-serif; color: #6899ba; font-size: 14pt;\">Kes me oleme<\/span><\/h2>\n<p><span style=\"font-family: verdana, geneva, sans-serif;\">Meie veebisaidi aadress on <span style=\"color: #6899ba;\">https:\/\/supergaia.ee.<\/span><\/span><\/p>\n<p><span style=\"font-family: verdana, geneva, sans-serif;\"><\/span><br \/><span style=\"font-family: verdana, geneva, sans-serif;\"><\/span><\/p>\n<h2 class=\"wp-block-heading\"><span style=\"font-family: verdana, geneva, sans-serif; color: #6899ba; font-size: 14pt;\">Kommentaarid<\/span><\/h2>\n<p><span style=\"font-family: verdana, geneva, sans-serif;\">Kui k\u00fclastajad j\u00e4tavad saidile kommentaare, salvestame kommentaarivormi andmed ning ka k\u00fclastaja IP-aadressi ja veebilehitseja tunnuse, et paremini tuvastada r\u00e4mpsu.<\/span><\/p>\n<p><span style=\"font-family: verdana, geneva, sans-serif;\">Sinu e-postiaadressi p\u00f5hjal loodud anon\u00fc\u00fcmne tekstijada (r\u00e4si), mida v\u00f5idakse edastada Gravatari teenusele, et kontrollida selle kasutamist. Gravatari andmekaitsetingimused leiad siit: https:\/\/automattic.com\/privacy\/. Peale kommentaari heakskiitmist on sinu profiilipilt kommentaari juures avalikult n\u00e4htav.<\/span><\/p>\n<p><span style=\"font-family: verdana, geneva, sans-serif;\"><\/span><br \/><span style=\"font-family: verdana, geneva, sans-serif;\"><\/span><\/p>\n<h2 class=\"wp-block-heading\"><span style=\"font-family: verdana, geneva, sans-serif; color: #6899ba; font-size: 14pt;\">Meedia<\/span><\/h2>\n<p><span style=\"font-family: verdana, geneva, sans-serif;\">Kui laadid veebilehele \u00fcles pilte, v\u00e4ldi asukohainfo (EXIF GPS) salvestamist piltidesse. Veebilehe k\u00fclastajad v\u00f5ivad pildid alla laadida ja saada nii k\u00e4tte kogu neis sisalduva asukohainfo.<\/span><\/p>\n<p><span style=\"font-family: verdana, geneva, sans-serif;\"><\/span><br \/><span style=\"font-family: verdana, geneva, sans-serif;\"><\/span><\/p>\n<h2 class=\"wp-block-heading\"><span style=\"font-family: verdana, geneva, sans-serif; color: #6899ba; font-size: 14pt;\">K\u00fcpsised<\/span><\/h2>\n<p><span style=\"font-family: verdana, geneva, sans-serif;\">Kui lisad saidile kommentaari, v\u00f5id valida enda nime, e-postiaadressi ja veebilehe info salvestamise k\u00fcpsistena. Need on m\u00f5eldud mugavusvalikuna, kunas p\u00e4\u00e4sed j\u00e4rgmise kommentaari juures selle info uuesti sisestamisest. Need k\u00fcpsised s\u00e4ilivad \u00fche aasta.<\/span><\/p>\n<p><span style=\"font-family: verdana, geneva, sans-serif;\">Sisselogimislehe k\u00fclastamisel seame paika ajutise k\u00fcpsise, mis tuvastab, kas su veebilehitseja lubab k\u00fcpsiseid v\u00f5i ei. See k\u00fcpsis ei sisalda isikuandmeid ning v\u00f5etakse veebilehitseja sulgemisel maha.<\/span><\/p>\n<p><span style=\"font-family: verdana, geneva, sans-serif;\">Kui logid sisse, kasutame mitut k\u00fcpsist sisselogimisinfo ja ekraanivalikute salvestamiseks. Sisselogimisk\u00fcpsised s\u00e4ilivad kaks p\u00e4eva, ekraanivalikute omad \u00fche aasta. Kui valid &#8220;M\u00e4leta mind&#8221;, j\u00e4etakse sisselogimine meelde kaheks n\u00e4dalaks. Kontolt v\u00e4lja logides sisselogimisk\u00fcpsised eemaldatakse.<\/span><\/p>\n<p><span style=\"font-family: verdana, geneva, sans-serif;\">Artikli muutmisel v\u00f5i avaldamisel salvestatakse sinu veebilehitsejasse uus k\u00fcpsis. See ei sisalda isikuandmeid ning n\u00e4itab vaid muudetud postituse identifikaatorit. See aegub 1 p\u00e4eva p\u00e4rast.<\/span><\/p>\n<p><span style=\"font-family: verdana, geneva, sans-serif;\"><\/span><br \/><span style=\"font-family: verdana, geneva, sans-serif;\"><\/span><\/p>\n<h2 class=\"wp-block-heading\"><span style=\"font-family: verdana, geneva, sans-serif; color: #6899ba; font-size: 14pt;\">Lisatud sisu muudelt veebisaitidelt<\/span><\/h2>\n<p><span style=\"font-family: verdana, geneva, sans-serif;\">Selle veebisaidi artiklites v\u00f5ib olla lisatud sisu muudest allikatest (videod, pildid, artiklid jne). Need k\u00e4ituvad samamoodi nagu nende algse p\u00e4ritolulehe k\u00fclastamisel.<\/span><\/p>\n<p><span style=\"font-family: verdana, geneva, sans-serif;\">See veebileht v\u00f5ib koguda sinu kohta infot, kasutada k\u00fcpsiseid, lisada kolmanda osapoole j\u00e4lgimismehhanisme ja neid sinu tegevuse j\u00e4lgimiseks kasutada, kui oled sinna kasutajakonto loonud ja sisse loginud.<\/span><\/p>\n<p><span style=\"font-family: verdana, geneva, sans-serif;\"><\/span><br \/><span style=\"font-family: verdana, geneva, sans-serif;\"><\/span><\/p>\n<h2 class=\"wp-block-heading\"><span style=\"font-family: verdana, geneva, sans-serif; color: #6899ba; font-size: 14pt;\">Kellega me andmeid jagame<\/span><\/h2>\n<p><span style=\"font-family: verdana, geneva, sans-serif;\">If you request a password reset, your IP address will be included in the reset email.<\/span><\/p>\n<p><span style=\"font-family: verdana, geneva, sans-serif;\"><\/span><br \/><span style=\"font-family: verdana, geneva, sans-serif;\"><\/span><\/p>\n<h2 class=\"wp-block-heading\"><span style=\"font-family: verdana, geneva, sans-serif; color: #6899ba; font-size: 14pt;\">Kui kaua me andmeid s\u00e4ilitame<\/span><\/h2>\n<p><span style=\"font-family: verdana, geneva, sans-serif;\">Kommentaare ja nende metaandmeid s\u00e4ilitatakse t\u00e4htajatult, et v\u00f5imaldada j\u00e4rgnevate kommentaaride automaatset tuvastamist ja heakskiitu ilma neid modereerimisele saatmata.<\/span><\/p>\n<p><span style=\"font-family: verdana, geneva, sans-serif;\">Veebisaidil registreerunud kasutajate kohta s\u00e4ilitame infot, mida nad enda kasutajaprofiili sisestavad. K\u00f5ik kasutajad saavad enda infot igal ajal n\u00e4ha, muuta ja kustuda (erandiks on kasutajanimi, mida ei saa muuta). Seda infot saavad n\u00e4ha ja muuta ka veebisaidi haldurid.<\/span><\/p>\n<p><span style=\"font-family: verdana, geneva, sans-serif;\"><\/span><br \/><span style=\"font-family: verdana, geneva, sans-serif;\"><\/span><\/p>\n<h2 class=\"wp-block-heading\"><span style=\"font-family: verdana, geneva, sans-serif; color: #6899ba; font-size: 14pt;\">Millised on \u00f5igused enda andmetele<\/span><\/h2>\n<p><span style=\"font-family: verdana, geneva, sans-serif;\">Kui sul on sellel veebisaidil kasutajakonto v\u00f5i oled kirjutanud kommentaare, v\u00f5id taotleda faili meie poolt enda kohta k\u00e4ivate isikuandmetega, sh enda poolt sisestatud info. V\u00f5id ka taotleda k\u00f5igi enda kohta k\u00e4ivate andmete kustutamist. See ei puuduta andmeid, mida oleme kohustatud s\u00e4ilitama halduse, seaduste v\u00f5i turvalisuse vajadustest l\u00e4htuvalt.<\/span><\/p>\n<p><span style=\"font-family: verdana, geneva, sans-serif;\"><\/span><\/p>\n\n\t\t<\/div> \n\t<\/div> <\/div><\/div><\/div><\/div><\/div><div      class=\"vc_row wpb_row section vc_row-fluid\" style=' text-align:left;'><div class=\"full_section_inner clearfix\"><div class=\"wpb_column vc_column_container vc_col-sm-12\"><div class=\"vc_column-inner\"><div class=\"wpb_wrapper\">\t<div class=\"vc_empty_space\"  style=\"height: 32px\" ><span\n\t\t\tclass=\"vc_empty_space_inner\">\n\t\t\t<span class=\"empty_space_image\"  ><\/span>\n\t\t<\/span><\/div>\n\n\t<div class=\"vc_empty_space\"  style=\"height: 32px\" ><span\n\t\t\tclass=\"vc_empty_space_inner\">\n\t\t\t<span class=\"empty_space_image\"  ><\/span>\n\t\t<\/span><\/div>\n\n<\/div><\/div><\/div><\/div><\/div><\/div>","protected":false},"excerpt":{"rendered":"Kes me oleme Meie veebisaidi aadress on https:\/\/supergaia.ee. Kommentaarid Kui k\u00fclastajad j\u00e4tavad saidile kommentaare, salvestame kommentaarivormi andmed ning ka k\u00fclastaja IP-aadressi ja veebilehitseja tunnuse, et paremini tuvastada r\u00e4mpsu. Sinu e-postiaadressi p\u00f5hjal loodud anon\u00fc\u00fcmne tekstijada (r\u00e4si), mida v\u00f5idakse edastada Gravatari teenusele, et kontrollida selle kasutamist. Gravatari...","protected":false},"author":1,"featured_media":0,"parent":0,"menu_order":0,"comment_status":"closed","ping_status":"closed","template":"","meta":{"footnotes":""},"class_list":["post-869","page","type-page","status-publish","hentry"],"_links":{"self":[{"href":"https:\/\/supergaia.ee\/en\/wp-json\/wp\/v2\/pages\/869","targetHints":{"allow":["GET"]}}],"collection":[{"href":"https:\/\/supergaia.ee\/en\/wp-json\/wp\/v2\/pages"}],"about":[{"href":"https:\/\/supergaia.ee\/en\/wp-json\/wp\/v2\/types\/page"}],"author":[{"embeddable":true,"href":"https:\/\/supergaia.ee\/en\/wp-json\/wp\/v2\/users\/1"}],"replies":[{"embeddable":true,"href":"https:\/\/supergaia.ee\/en\/wp-json\/wp\/v2\/comments?post=869"}],"version-history":[{"count":7,"href":"https:\/\/supergaia.ee\/en\/wp-json\/wp\/v2\/pages\/869\/revisions"}],"predecessor-version":[{"id":889,"href":"https:\/\/supergaia.ee\/en\/wp-json\/wp\/v2\/pages\/869\/revisions\/889"}],"wp:attachment":[{"href":"https:\/\/supergaia.ee\/en\/wp-json\/wp\/v2\/media?parent=869"}],"curies":[{"name":"wp","href":"https:\/\/api.w.org\/{rel}","templated":true}]}}