{"id":851,"date":"2024-06-20T06:05:09","date_gmt":"2024-06-20T06:05:09","guid":{"rendered":"https:\/\/supergaia.ee\/?page_id=851"},"modified":"2024-07-27T22:49:18","modified_gmt":"2024-07-27T22:49:18","slug":"kursused","status":"publish","type":"page","link":"https:\/\/supergaia.ee\/en\/kursused\/","title":{"rendered":"Courses"},"content":{"rendered":"<div class=\"wpb-content-wrapper\"><div      class=\"vc_row wpb_row section vc_row-fluid \" style=' text-align:left;'><div class=\" full_section_inner clearfix\"><div class=\"wpb_column vc_column_container vc_col-sm-12\"><div class=\"vc_column-inner\"><div class=\"wpb_wrapper\"><div      class=\"vc_row wpb_row section vc_row-fluid vc_inner \" style=' text-align:left;'><div class=\" full_section_inner clearfix\"><div class=\"wpb_column vc_column_container vc_col-sm-12\"><div class=\"vc_column-inner\"><div class=\"wpb_wrapper\">\t<div class=\"vc_empty_space\"  style=\"height: 32px\" ><span\n\t\t\tclass=\"vc_empty_space_inner\">\n\t\t\t<span class=\"empty_space_image\"  ><\/span>\n\t\t<\/span><\/div>\n\n\t<div class=\"vc_empty_space\"  style=\"height: 32px\" ><span\n\t\t\tclass=\"vc_empty_space_inner\">\n\t\t\t<span class=\"empty_space_image\"  ><\/span>\n\t\t<\/span><\/div>\n\n<div class=\"vc_text_separator wpb_content_element full separator_align_center\"><div style=''><span>\u00dcleminek Uude Ajastusse<\/span><\/div><\/div>\n<\/div><\/div><\/div><\/div><\/div>\t<div class=\"vc_empty_space\"  style=\"height: 32px\" ><span\n\t\t\tclass=\"vc_empty_space_inner\">\n\t\t\t<span class=\"empty_space_image\"  ><\/span>\n\t\t<\/span><\/div>\n\n<\/div><\/div><\/div><\/div><\/div><div      class=\"vc_row wpb_row section vc_row-fluid \" style=' text-align:left;'><div class=\" full_section_inner clearfix\"><div class=\"wpb_column vc_column_container vc_col-sm-2\"><div class=\"vc_column-inner\"><div class=\"wpb_wrapper\"><\/div><\/div><\/div><div class=\"wpb_column vc_column_container vc_col-sm-8\"><div class=\"vc_column-inner\"><div class=\"wpb_wrapper\">\n\t<div class=\"wpb_text_column wpb_content_element \">\n\t\t<div class=\"wpb_wrapper\">\n\t\t\t<p><span style=\"font-family: verdana, geneva, sans-serif; color: #6899ba;\"><strong>Tase 3<\/strong><br \/>\n<span style=\"font-size: 10pt;\">Oleme Uues Ajastus<\/span><\/span><\/p>\n<p><span style=\"font-family: verdana, geneva, sans-serif; color: #6899ba;\"><strong>Tase 2<\/strong><br \/>\n<span style=\"font-size: 10pt;\">Praktikad edasij\u00f5udnutele<\/span><\/span><\/p>\n<p><span style=\"font-family: verdana, geneva, sans-serif; color: #6899ba;\"><strong>Tase 1<\/strong><br \/>\n<span style=\"font-size: 10pt;\">Sissejuhatus<\/span><\/span><\/p>\n\n\t\t<\/div> \n\t<\/div> <\/div><\/div><\/div><div class=\"wpb_column vc_column_container vc_col-sm-2\"><div class=\"vc_column-inner\"><div class=\"wpb_wrapper\"><\/div><\/div><\/div><\/div><\/div><div      class=\"vc_row wpb_row section vc_row-fluid \" style=' text-align:left;'><div class=\" full_section_inner clearfix\"><div class=\"wpb_column vc_column_container vc_col-sm-12\"><div class=\"vc_column-inner\"><div class=\"wpb_wrapper\">\t<div class=\"vc_empty_space\"  style=\"height: 32px\" ><span\n\t\t\tclass=\"vc_empty_space_inner\">\n\t\t\t<span class=\"empty_space_image\"  ><\/span>\n\t\t<\/span><\/div>\n\n<div class=\"separator  small center  \" style=\"background-color: #6899ba;height: 1px;width: 88%;\"><\/div>\n\t<div class=\"vc_empty_space\"  style=\"height: 32px\" ><span\n\t\t\tclass=\"vc_empty_space_inner\">\n\t\t\t<span class=\"empty_space_image\"  ><\/span>\n\t\t<\/span><\/div>\n\n\n\t<div class=\"wpb_text_column wpb_content_element \">\n\t\t<div class=\"wpb_wrapper\">\n\t\t\t<p><span style=\"color: #6899ba; font-family: verdana, geneva, sans-serif;\"><b>Hetkeolukorra \u00fclevaade Suurest \u00dcleminekust 1xn\u00e4dalas<\/b><\/span><\/p>\n\n\t\t<\/div> \n\t<\/div> \n\t<div class=\"wpb_text_column wpb_content_element \">\n\t\t<div class=\"wpb_wrapper\">\n\t\t\t<p><span style=\"color: #6899ba; font-family: verdana, geneva, sans-serif;\"><b>Zoom otse\u00fclekanne <span style=\"color: #ff9900;\">neljap\u00e4eviti<\/span> kell 19.00 kuni 20.00<\/b><\/span><\/p>\n\n\t\t<\/div> \n\t<\/div> \n\t<div class=\"wpb_text_column wpb_content_element \">\n\t\t<div class=\"wpb_wrapper\">\n\t\t\t<p><span style=\"color: #6899ba; font-family: verdana, geneva, sans-serif;\"><b>Zoom ID: 814 0483 4141 \u00a0\u00a0<\/b><\/span><a href=\"https:\/\/us06web.zoom.us\/j\/81404834141?pwd=7qwKdOCOtkkxPKEBWkKqOb6OcoIS4i.1\" target=\"_blank\" rel=\"noopener\"><span style=\"color: #6899ba; font-family: verdana, geneva, sans-serif;\"><b>Registreerimiseks <span style=\"color: #ff9900;\">kliki siin<\/span><\/b><\/span><\/a><\/p>\n\n\t\t<\/div> \n\t<\/div> <\/div><\/div><\/div><\/div><\/div><div      class=\"vc_row wpb_row section vc_row-fluid \" style=' text-align:left;'><div class=\" full_section_inner clearfix\"><div class=\"wpb_column vc_column_container vc_col-sm-12\"><div class=\"vc_column-inner\"><div class=\"wpb_wrapper\">\t<div class=\"vc_empty_space\"  style=\"height: 32px\" ><span\n\t\t\tclass=\"vc_empty_space_inner\">\n\t\t\t<span class=\"empty_space_image\"  ><\/span>\n\t\t<\/span><\/div>\n\n<div class=\"separator  small center  \" style=\"background-color: #6899ba;height: 1px;width: 88%;\"><\/div>\n\t<div class=\"vc_empty_space\"  style=\"height: 32px\" ><span\n\t\t\tclass=\"vc_empty_space_inner\">\n\t\t\t<span class=\"empty_space_image\"  ><\/span>\n\t\t<\/span><\/div>\n\n\n\t<div class=\"wpb_text_column wpb_content_element \">\n\t\t<div class=\"wpb_wrapper\">\n\t\t\t<p><strong><span style=\"font-family: verdana, geneva, sans-serif; color: #6899ba;\">Tase 2<\/span><\/strong><\/p>\n<p><span style=\"font-size: 11pt;\"><span style=\"color: #6899ba; font-family: verdana, geneva, sans-serif;\">Nullpunktist loomine<br \/>\nMittevajalikest m\u00f5ttemustritest vabanemine<br \/>\n<\/span><span style=\"color: #6899ba; font-family: verdana, geneva, sans-serif;\">Uue Ajastu Praktikad<br \/>\nValguse Keel<br \/>\nDNA aktiveerimised<\/span><\/span><\/p>\n\n\t\t<\/div> \n\t<\/div> \t<div class=\"vc_empty_space\"  style=\"height: 32px\" ><span\n\t\t\tclass=\"vc_empty_space_inner\">\n\t\t\t<span class=\"empty_space_image\"  ><\/span>\n\t\t<\/span><\/div>\n\n\n\t<div class=\"wpb_text_column wpb_content_element \">\n\t\t<div class=\"wpb_wrapper\">\n\t\t\t<p><strong><span style=\"font-family: verdana, geneva, sans-serif; color: #6899ba;\">Tase 1<\/span><\/strong><\/p>\n<p><span style=\"color: #6899ba; font-family: verdana, geneva, sans-serif; font-size: 11pt;\">Kuidas \u00dcleminek Uude Ajastusse toimub<br \/>\nKes me tegelikult oleme&#8230;<br \/>\nUuel Ajastul ei ela me enam illusioonis &#8211; mida see t\u00e4hendab<br \/>\nKes me tegelikult oleme<\/span><\/p>\n\n\t\t<\/div> \n\t<\/div> \n\t<div class=\"wpb_text_column wpb_content_element \">\n\t\t<div class=\"wpb_wrapper\">\n\t\t\t<p><span style=\"color: #6899ba; font-family: verdana, geneva, sans-serif;\"><b>\u00dclevaade toimuvast 1xn\u00e4dalas<\/b><\/span><\/p>\n\n\t\t<\/div> \n\t<\/div> <\/div><\/div><\/div><\/div><\/div><div      class=\"vc_row wpb_row section vc_row-fluid \" style=' text-align:left;'><div class=\" full_section_inner clearfix\"><div class=\"wpb_column vc_column_container vc_col-sm-12\"><div class=\"vc_column-inner\"><div class=\"wpb_wrapper\">\t<div class=\"vc_empty_space\"  style=\"height: 32px\" ><span\n\t\t\tclass=\"vc_empty_space_inner\">\n\t\t\t<span class=\"empty_space_image\"  ><\/span>\n\t\t<\/span><\/div>\n\n<div class=\"separator  small center  \" style=\"background-color: #6899ba;height: 1px;width: 88%;\"><\/div>\n\t<div class=\"vc_empty_space\"  style=\"height: 32px\" ><span\n\t\t\tclass=\"vc_empty_space_inner\">\n\t\t\t<span class=\"empty_space_image\"  ><\/span>\n\t\t<\/span><\/div>\n\n<\/div><\/div><\/div><\/div><\/div><div      class=\"vc_row wpb_row section vc_row-fluid \" style=' text-align:left;'><div class=\" full_section_inner clearfix\"><div class=\"wpb_column vc_column_container vc_col-sm-12\"><div class=\"vc_column-inner\"><div class=\"wpb_wrapper\">\n\t<div class=\"wpb_text_column wpb_content_element \">\n\t\t<div class=\"wpb_wrapper\">\n\t\t\t<p><strong><span style=\"font-family: verdana, geneva, sans-serif; color: #6899ba;\"><span style=\"font-size: 18pt;\">Edeneme Uude Ajastusse<\/span><br \/>\nVaata lisaks:<\/span><\/strong><\/p>\n<p><span style=\"font-size: 11pt;\"><span style=\"color: #6899ba; font-family: verdana, geneva, sans-serif;\">Artiklid<br \/>\nVideod<br \/>\nInimesed<br \/>\nRaamatud<br \/>\nLille Lindm\u00e4e<br \/>\n<\/span><span style=\"color: #6899ba; font-family: verdana, geneva, sans-serif;\">Lifewave<br \/>\n<\/span><span style=\"color: #6899ba; font-family: verdana, geneva, sans-serif;\">EESystem<br \/>\nProbiootikumid<br \/>\nDoTerra<\/span><\/span><\/p>\n\n\t\t<\/div> \n\t<\/div> <\/div><\/div><\/div><\/div><\/div><div      class=\"vc_row wpb_row section vc_row-fluid \" style=' text-align:left;'><div class=\" full_section_inner clearfix\"><div class=\"wpb_column vc_column_container vc_col-sm-12\"><div class=\"vc_column-inner\"><div class=\"wpb_wrapper\">\t<div class=\"vc_empty_space\"  style=\"height: 32px\" ><span\n\t\t\tclass=\"vc_empty_space_inner\">\n\t\t\t<span class=\"empty_space_image\"  ><\/span>\n\t\t<\/span><\/div>\n\n<div class=\"vc_text_separator wpb_content_element full separator_align_center\"><div style=''><span>REGISTREERIMINE<\/span><\/div><\/div>\n\t<div class=\"vc_empty_space\"  style=\"height: 32px\" ><span\n\t\t\tclass=\"vc_empty_space_inner\">\n\t\t\t<span class=\"empty_space_image\"  ><\/span>\n\t\t<\/span><\/div>\n\n<\/div><\/div><\/div><\/div><\/div><div      class=\"vc_row wpb_row section vc_row-fluid  vc_custom_1722119882929\" style='background-color:#fafaf8; text-align:left;'><div class=\" full_section_inner clearfix\"><div class=\"wpb_column vc_column_container vc_col-sm-12\"><div class=\"vc_column-inner\"><div class=\"wpb_wrapper\"><div      class=\"vc_row wpb_row section vc_row-fluid vc_inner \" style=' text-align:left;'><div class=\" full_section_inner clearfix\"><div class=\"wpb_column vc_column_container vc_col-sm-4\"><div class=\"vc_column-inner\"><div class=\"wpb_wrapper\">\t<div class=\"vc_empty_space\"  style=\"height: 32px\" ><span\n\t\t\tclass=\"vc_empty_space_inner\">\n\t\t\t<span class=\"empty_space_image\"  ><\/span>\n\t\t<\/span><\/div>\n\n\t<div class=\"vc_empty_space\"  style=\"height: 32px\" ><span\n\t\t\tclass=\"vc_empty_space_inner\">\n\t\t\t<span class=\"empty_space_image\"  ><\/span>\n\t\t<\/span><\/div>\n\n\t<div class=\"vc_empty_space\"  style=\"height: 32px\" ><span\n\t\t\tclass=\"vc_empty_space_inner\">\n\t\t\t<span class=\"empty_space_image\"  ><\/span>\n\t\t<\/span><\/div>\n\n\n\t<div class=\"wpb_single_image wpb_content_element vc_align_left\">\n\t\t<div class=\"wpb_wrapper\">\n\t\t\t\n\t\t\t<div class=\"vc_single_image-wrapper   vc_box_border_grey\"><img loading=\"lazy\" decoding=\"async\" width=\"888\" height=\"548\" src=\"https:\/\/supergaia.ee\/wp-content\/uploads\/2024\/07\/Timeline-1-888x548-2.png\" class=\"vc_single_image-img attachment-full\" alt=\"\" title=\"Timeline 1 888x548\" srcset=\"https:\/\/supergaia.ee\/wp-content\/uploads\/2024\/07\/Timeline-1-888x548-2.png 888w, https:\/\/supergaia.ee\/wp-content\/uploads\/2024\/07\/Timeline-1-888x548-2-300x185.png 300w, https:\/\/supergaia.ee\/wp-content\/uploads\/2024\/07\/Timeline-1-888x548-2-768x474.png 768w, https:\/\/supergaia.ee\/wp-content\/uploads\/2024\/07\/Timeline-1-888x548-2-18x12.png 18w, https:\/\/supergaia.ee\/wp-content\/uploads\/2024\/07\/Timeline-1-888x548-2-700x432.png 700w, https:\/\/supergaia.ee\/wp-content\/uploads\/2024\/07\/Timeline-1-888x548-2-600x370.png 600w\" sizes=\"auto, (max-width: 888px) 100vw, 888px\" \/><\/div>\n\t\t<\/div>\n\t<\/div>\n\t<div class=\"vc_empty_space\"  style=\"height: 32px\" ><span\n\t\t\tclass=\"vc_empty_space_inner\">\n\t\t\t<span class=\"empty_space_image\"  ><\/span>\n\t\t<\/span><\/div>\n\n\n\t<div class=\"wpb_single_image wpb_content_element vc_align_left\">\n\t\t<div class=\"wpb_wrapper\">\n\t\t\t\n\t\t\t<div class=\"vc_single_image-wrapper   vc_box_border_grey\"><img loading=\"lazy\" decoding=\"async\" width=\"674\" height=\"672\" src=\"https:\/\/supergaia.ee\/wp-content\/uploads\/2024\/07\/Screen-Shot-2024-07-15-at-10.11.23-AM.png\" class=\"vc_single_image-img attachment-full\" alt=\"\" title=\"Screen Shot 2024-07-15 at 10.11.23 AM\" srcset=\"https:\/\/supergaia.ee\/wp-content\/uploads\/2024\/07\/Screen-Shot-2024-07-15-at-10.11.23-AM.png 674w, https:\/\/supergaia.ee\/wp-content\/uploads\/2024\/07\/Screen-Shot-2024-07-15-at-10.11.23-AM-300x300.png 300w, https:\/\/supergaia.ee\/wp-content\/uploads\/2024\/07\/Screen-Shot-2024-07-15-at-10.11.23-AM-150x150.png 150w, https:\/\/supergaia.ee\/wp-content\/uploads\/2024\/07\/Screen-Shot-2024-07-15-at-10.11.23-AM-12x12.png 12w, https:\/\/supergaia.ee\/wp-content\/uploads\/2024\/07\/Screen-Shot-2024-07-15-at-10.11.23-AM-500x500.png 500w, https:\/\/supergaia.ee\/wp-content\/uploads\/2024\/07\/Screen-Shot-2024-07-15-at-10.11.23-AM-600x598.png 600w, https:\/\/supergaia.ee\/wp-content\/uploads\/2024\/07\/Screen-Shot-2024-07-15-at-10.11.23-AM-100x100.png 100w\" sizes=\"auto, (max-width: 674px) 100vw, 674px\" \/><\/div>\n\t\t<\/div>\n\t<\/div>\n\t<div class=\"vc_empty_space\"  style=\"height: 32px\" ><span\n\t\t\tclass=\"vc_empty_space_inner\">\n\t\t\t<span class=\"empty_space_image\"  ><\/span>\n\t\t<\/span><\/div>\n\n\t<div class=\"vc_empty_space\"  style=\"height: 32px\" ><span\n\t\t\tclass=\"vc_empty_space_inner\">\n\t\t\t<span class=\"empty_space_image\"  ><\/span>\n\t\t<\/span><\/div>\n\n<\/div><\/div><\/div><div class=\"wpb_column vc_column_container vc_col-sm-8\"><div class=\"vc_column-inner\"><div class=\"wpb_wrapper\">\t<div class=\"vc_empty_space\"  style=\"height: 32px\" ><span\n\t\t\tclass=\"vc_empty_space_inner\">\n\t\t\t<span class=\"empty_space_image\"  ><\/span>\n\t\t<\/span><\/div>\n\n<div class=\"wpforms-container wpforms-container-full wpforms-render-modern\" id=\"wpforms-895\"><form id=\"wpforms-form-895\" class=\"wpforms-validate wpforms-form wpforms-ajax-form\" data-formid=\"895\" method=\"post\" enctype=\"multipart\/form-data\" action=\"\/en\/wp-json\/wp\/v2\/pages\/851\" data-token=\"aa3defe061c3d98f5b8ec047f59ef157\" data-token-time=\"1776989587\"><noscript class=\"wpforms-error-noscript\">Please enable JavaScript in your browser to complete this form.<\/noscript><div class=\"wpforms-hidden\" id=\"wpforms-error-noscript\">Please enable JavaScript in your browser to complete this form.<\/div><div class=\"wpforms-field-container\"><div id=\"wpforms-895-field_0-container\" class=\"wpforms-field wpforms-field-name\" data-field-id=\"0\"><fieldset><legend class=\"wpforms-field-label\">Nimi <span class=\"wpforms-required-label\" aria-hidden=\"true\">*<\/span><\/legend><div class=\"wpforms-field-row wpforms-field-medium\"><div class=\"wpforms-field-row-block wpforms-first wpforms-one-half\"><input type=\"text\" id=\"wpforms-895-field_0\" class=\"wpforms-field-name-first wpforms-field-required\" name=\"wpforms[fields][0][first]\" placeholder=\"Eesnimi\" aria-errormessage=\"wpforms-895-field_0-error\" required><label for=\"wpforms-895-field_0\" class=\"wpforms-field-sublabel after wpforms-sublabel-hide\">First<\/label><\/div><div class=\"wpforms-field-row-block wpforms-one-half\"><input type=\"text\" id=\"wpforms-895-field_0-last\" class=\"wpforms-field-name-last wpforms-field-required\" name=\"wpforms[fields][0][last]\" placeholder=\"Perekonnanimi\" aria-errormessage=\"wpforms-895-field_0-last-error\" required><label for=\"wpforms-895-field_0-last\" class=\"wpforms-field-sublabel after wpforms-sublabel-hide\">Last<\/label><\/div><\/div><\/fieldset><\/div><div id=\"wpforms-895-field_1-container\" class=\"wpforms-field wpforms-field-email\" data-field-id=\"1\"><label class=\"wpforms-field-label\" for=\"wpforms-895-field_1\">E-posti aadress <span class=\"wpforms-required-label\" aria-hidden=\"true\">*<\/span><\/label><input type=\"email\" id=\"wpforms-895-field_1\" class=\"wpforms-field-medium wpforms-field-required\" name=\"wpforms[fields][1]\" spellcheck=\"false\" aria-errormessage=\"wpforms-895-field_1-error\" required><\/div><div id=\"wpforms-895-field_3-container\" class=\"wpforms-field wpforms-field-checkbox\" data-field-id=\"3\"><fieldset><legend class=\"wpforms-field-label\">Registreerin kursusele<\/legend><ul id=\"wpforms-895-field_3\"><li class=\"choice-1 depth-1\"><input type=\"checkbox\" id=\"wpforms-895-field_3_1\" name=\"wpforms[fields][3][]\" value=\"\u00dcleminek Uude Ajastusse\" aria-errormessage=\"wpforms-895-field_3_1-error\"  ><label class=\"wpforms-field-label-inline\" for=\"wpforms-895-field_3_1\">\u00dcleminek Uude Ajastusse<\/label><\/li><\/ul><\/fieldset><\/div><\/div><!-- .wpforms-field-container --><div class=\"wpforms-submit-container\" ><input type=\"hidden\" name=\"wpforms[id]\" value=\"895\"><input type=\"hidden\" name=\"page_title\" value=\"\"><input type=\"hidden\" name=\"page_url\" value=\"https:\/\/supergaia.ee\/en\/wp-json\/wp\/v2\/pages\/851\"><button type=\"submit\" name=\"wpforms[submit]\" id=\"wpforms-submit-895\" class=\"wpforms-submit\" data-alt-text=\"\u00dcks hetk... Registreerime...\" data-submit-text=\"Registreerin osalema\" aria-live=\"assertive\" value=\"wpforms-submit\">Registreerin osalema<\/button><img loading=\"lazy\" decoding=\"async\" src=\"https:\/\/supergaia.ee\/wp-content\/plugins\/wpforms\/assets\/images\/submit-spin.svg\" class=\"wpforms-submit-spinner\" style=\"display: none;\" width=\"26\" height=\"26\" alt=\"Loading\"><\/div><\/form><\/div>  <!-- .wpforms-container -->\n\t<div class=\"wpb_text_column wpb_content_element \">\n\t\t<div class=\"wpb_wrapper\">\n\t\t\t<p><span style=\"font-family: verdana, geneva, sans-serif;\"><strong>Teemad:<\/strong><br \/>\n<\/span><\/p>\n<p><span style=\"color: #6899ba; font-family: verdana, geneva, sans-serif; font-size: 10pt;\">Kuidas \u00dcleminek Uude Ajastusse toimub<br \/>\nKes me tegelikult oleme&#8230;<br \/>\nMis t\u00e4hendab Ascension<br \/>\njne<\/span><\/p>\n\n\t\t<\/div> \n\t<\/div> \t<div class=\"vc_empty_space\"  style=\"height: 32px\" ><span\n\t\t\tclass=\"vc_empty_space_inner\">\n\t\t\t<span class=\"empty_space_image\"  ><\/span>\n\t\t<\/span><\/div>\n\n<\/div><\/div><\/div><\/div><\/div><\/div><\/div><\/div><\/div><\/div><div      class=\"vc_row wpb_row section vc_row-fluid \" style=' text-align:left;'><div class=\" full_section_inner clearfix\"><div class=\"wpb_column vc_column_container vc_col-sm-8\"><div class=\"vc_column-inner\"><div class=\"wpb_wrapper\"><\/div><\/div><\/div><div class=\"wpb_column vc_column_container vc_col-sm-4\"><div class=\"vc_column-inner\"><div class=\"wpb_wrapper\"><\/div><\/div><\/div><\/div><\/div><div      class=\"vc_row wpb_row section vc_row-fluid \" style=' text-align:left;'><div class=\" full_section_inner clearfix\"><div class=\"wpb_column vc_column_container vc_col-sm-12\"><div class=\"vc_column-inner\"><div class=\"wpb_wrapper\">\t<div class=\"vc_empty_space\"  style=\"height: 32px\" ><span\n\t\t\tclass=\"vc_empty_space_inner\">\n\t\t\t<span class=\"empty_space_image\"  ><\/span>\n\t\t<\/span><\/div>\n\n\t<div class=\"vc_empty_space\"  style=\"height: 32px\" ><span\n\t\t\tclass=\"vc_empty_space_inner\">\n\t\t\t<span class=\"empty_space_image\"  ><\/span>\n\t\t<\/span><\/div>\n\n<\/div><\/div><\/div><\/div><\/div>\n<\/div>","protected":false},"excerpt":{"rendered":"\u00dcleminek Uude Ajastusse Tase 3 Oleme Uues Ajastus Tase 2 Praktikad edasij\u00f5udnutele Tase 1 Sissejuhatus Hetkeolukorra \u00fclevaade Suurest \u00dcleminekust 1xn\u00e4dalas Zoom otse\u00fclekanne neljap\u00e4eviti kell 19.00 kuni 20.00 Zoom ID: 814 0483 4141 \u00a0\u00a0Registreerimiseks kliki siin Tase 2 Nullpunktist loomine Mittevajalikest m\u00f5ttemustritest vabanemine Uue Ajastu Praktikad...","protected":false},"author":1,"featured_media":0,"parent":0,"menu_order":0,"comment_status":"closed","ping_status":"closed","template":"","meta":{"footnotes":""},"class_list":["post-851","page","type-page","status-publish","hentry"],"_links":{"self":[{"href":"https:\/\/supergaia.ee\/en\/wp-json\/wp\/v2\/pages\/851","targetHints":{"allow":["GET"]}}],"collection":[{"href":"https:\/\/supergaia.ee\/en\/wp-json\/wp\/v2\/pages"}],"about":[{"href":"https:\/\/supergaia.ee\/en\/wp-json\/wp\/v2\/types\/page"}],"author":[{"embeddable":true,"href":"https:\/\/supergaia.ee\/en\/wp-json\/wp\/v2\/users\/1"}],"replies":[{"embeddable":true,"href":"https:\/\/supergaia.ee\/en\/wp-json\/wp\/v2\/comments?post=851"}],"version-history":[{"count":45,"href":"https:\/\/supergaia.ee\/en\/wp-json\/wp\/v2\/pages\/851\/revisions"}],"predecessor-version":[{"id":1195,"href":"https:\/\/supergaia.ee\/en\/wp-json\/wp\/v2\/pages\/851\/revisions\/1195"}],"wp:attachment":[{"href":"https:\/\/supergaia.ee\/en\/wp-json\/wp\/v2\/media?parent=851"}],"curies":[{"name":"wp","href":"https:\/\/api.w.org\/{rel}","templated":true}]}}